{"id":137,"date":"2016-09-01T17:04:02","date_gmt":"2016-09-01T08:04:02","guid":{"rendered":"http:\/\/www.ichino.co.jp\/?page_id=137"},"modified":"2020-01-28T13:18:06","modified_gmt":"2020-01-28T04:18:06","slug":"%e7%8a%ac%e5%bc%b5%e3%82%8a%e5%ad%90%e9%96%a2%e9%80%a3%e5%95%86%e5%93%81","status":"publish","type":"page","link":"https:\/\/www.ichino.co.jp\/en\/sample-page-2\/%e7%8a%ac%e5%bc%b5%e3%82%8a%e5%ad%90%e9%96%a2%e9%80%a3%e5%95%86%e5%93%81\/","title":{"rendered":"Inu hariko(Papier-m\u00e2ch\u00e9 dog) Related Items"},"content":{"rendered":"<h2>Inu hariko(Papier-m\u00e2ch\u00e9 dog) Related Items<\/h2>\n<p>Inu hariko(Papier-m\u00e2ch\u00e9 dog), made in hopes of healthy growth for children, is one of the most popular products in recent years, combined with its simplicity.<br \/>\nVarious sizes are available\u3002<a href=\"http:\/\/www.ichino.co.jp\/%E3%82%AA%E3%83%AA%E3%82%B8%E3%83%8A%E3%83%AB%E3%83%BBoem%E8%A3%BD%E4%BD%9C\/\">Please feel free to contact us for OEM orders such as customization.<br \/>\n<\/a><a href=\"http:\/\/shop.acty-daimonya.com\/?mode=cate&amp;cbid=2174136&amp;csid=0\"><img data-recalc-dims=\"1\" loading=\"lazy\" decoding=\"async\" class=\"alignleft size-full wp-image-355\" src=\"https:\/\/i0.wp.com\/www.ichino.co.jp\/wp-content\/uploads\/2016\/09\/inuhariko.jpg?resize=750%2C441\" alt=\"Papier-m\u00e2ch\u00e9 dog\" width=\"750\" height=\"441\" \/><\/a><a href=\"http:\/\/www.ichino.co.jp\/%E3%82%AA%E3%83%AA%E3%82%B8%E3%83%8A%E3%83%AB%E3%83%BBoem%E8%A3%BD%E4%BD%9C\/\"><br \/>\n<\/a><\/p>\n","protected":false},"excerpt":{"rendered":"<p>Inu hariko(Papier-m\u00e2ch\u00e9 dog) Related Items Inu hariko(Papier-m\u00e2ch\u00e9 dog), made in hopes of healthy growth for children, is one of the most popular products in recent years, combined with its simplicity. Various sizes are available\u3002Please feel free to contact us for OEM orders such as customization.<\/p>\n","protected":false},"author":3,"featured_media":0,"parent":10,"menu_order":0,"comment_status":"closed","ping_status":"closed","template":"","meta":{"vkexunit_cta_each_option":"","footnotes":""},"class_list":["post-137","page","type-page","status-publish","hentry"],"aioseo_notices":[],"jetpack_sharing_enabled":true,"jetpack-related-posts":[],"jetpack_shortlink":"https:\/\/wp.me\/PbDMKP-2d","_links":{"self":[{"href":"https:\/\/www.ichino.co.jp\/en\/wp-json\/wp\/v2\/pages\/137","targetHints":{"allow":["GET"]}}],"collection":[{"href":"https:\/\/www.ichino.co.jp\/en\/wp-json\/wp\/v2\/pages"}],"about":[{"href":"https:\/\/www.ichino.co.jp\/en\/wp-json\/wp\/v2\/types\/page"}],"author":[{"embeddable":true,"href":"https:\/\/www.ichino.co.jp\/en\/wp-json\/wp\/v2\/users\/3"}],"replies":[{"embeddable":true,"href":"https:\/\/www.ichino.co.jp\/en\/wp-json\/wp\/v2\/comments?post=137"}],"version-history":[{"count":0,"href":"https:\/\/www.ichino.co.jp\/en\/wp-json\/wp\/v2\/pages\/137\/revisions"}],"up":[{"embeddable":true,"href":"https:\/\/www.ichino.co.jp\/en\/wp-json\/wp\/v2\/pages\/10"}],"wp:attachment":[{"href":"https:\/\/www.ichino.co.jp\/en\/wp-json\/wp\/v2\/media?parent=137"}],"curies":[{"name":"wp","href":"https:\/\/api.w.org\/{rel}","templated":true}]}}